{"id":17,"date":"2023-05-08T13:47:52","date_gmt":"2023-05-08T16:47:52","guid":{"rendered":"http:\/\/200.159.243.250:8010\/?page_id=17"},"modified":"2025-09-23T08:20:27","modified_gmt":"2025-09-23T11:20:27","slug":"segunda","status":"publish","type":"page","link":"http:\/\/200.159.243.250:8010\/index.php\/segunda\/","title":{"rendered":"Segunda"},"content":{"rendered":"\n<div class=\"wp-block-columns is-layout-flex wp-container-core-columns-is-layout-d7d455e7 wp-block-columns-is-layout-flex\" style=\"padding-top:0;padding-right:0;padding-bottom:0;padding-left:0\">\n<div class=\"wp-block-column is-layout-flow wp-block-column-is-layout-flow\">\n<table class=\"tabela\">\n      <thead>\n        <tr>\n          <th class=\"dia_semana\">SEGUNDA<\/th>\n          <th>7h &#8211; 8h<\/th>\n          <th>8h &#8211; 9h<\/th>\n          <th>9h &#8211; 10h<\/th>\n          <th>10h &#8211; 11h<\/th>\n          <th>11h &#8211; 12h<\/th>\n          <th>12h &#8211; 13h<\/th>\n          <th>13h &#8211; 14h<\/th>\n          <th>14h &#8211; 15h<\/th>\n          <th>15h &#8211; 16h<\/th>\n          <th>16h &#8211; 17h<\/th>\n          <th>17h &#8211; 18h<\/th>\n          <th>18h &#8211; 19h<\/th>\n          <th>19h &#8211; 20h<\/th>\n          <th>20h &#8211; 21h<\/th>\n          <th>21h &#8211; 22h<\/th>\n        <\/tr>\n      <\/thead>\n      <tbody>\n        <tr>\n          <td class=\"nome_sala\">Sala 1<\/td>\n          <td><\/td>\n          <td><\/td>\n          <td><\/td>\n          <td><\/td>\n          <td><\/td>\n          <td><\/td>\n          <td><\/td>\n          <td class=\"cor_comp\" colspan=\"2\">Geom. An. e C\u00e1lc. Vet. &#8211; V1 &#8211; Prof. Fernando Naufel<\/td>\n          <td class=\"cor_comp\" colspan=\"2\">C\u00e1lculo Diferencial 1 &#8211; V1 &#8211; Prof. R\u00f4mulo<\/td>\n          <td class=\"cor_eng\" colspan=\"4\">Tecnologias de Fabric. 2 &#8211; E1 &#8211; Prof. Paulo Apicelo<\/td> \n        <\/tr>\n        <tr>\n          <td class=\"nome_sala\">Sala 2<\/td>\n          <td><\/td>\n          <td><\/td>\n          <td><\/td>\n          <td><\/td>\n          <td class=\"cor_eng\" colspan=\"2\">Express\u00e3o Gr\u00e1fica &#8211; K1 &#8211; Prof. Paulo Apicelo<\/td>\n          <td><\/td>\n          <td class=\"cor_eng\" colspan=\"2\">C\u00e1lculo 1-A &#8211; K1 &#8211; Prof. R\u00f4mulo<\/td>\n          <td class=\"cor_eng\" colspan=\"2\">Geom. An. e \u00c1lg. Linear &#8211; K1 &#8211; Prof. Reginaldo<\/td>\n          <td><\/td>\n          <td class=\"cor_mesc\" colspan=\"3\">Gest\u00e3o de Projetos e Gest\u00e3o de Pessoas &#8211; MESC &#8211; Prof. Paulo Maur\u00edcio<\/td>\n        <\/tr>\n        <tr>\n          <td class=\"nome_sala\">Sala 3<\/td>\n          <td><\/td>\n          <td><\/td>\n          <td><\/td>\n          <td><\/td>\n          <td><\/td>\n          <td><\/td>\n          <td><\/td>\n          <td class=\"cor_comp\" colspan=\"2\">Interface Humano Computador &#8211; C1 &#8211; Prof. Sergio<\/td>\n          <td><\/td>\n          <td><\/td>\n          <td class=\"cor_eng\" colspan=\"2\">Finan\u00e7as Empresariais &#8211; E1 &#8211; Prof. Luis Enrique<\/td>\n          <td class=\"cor_eng\" colspan=\"2\">Eng. de M\u00e9todos 1 &#8211; E1 &#8211; Prof. Luis Enrique<\/td>\n        <\/tr>\n        <tr>\n          <td class=\"nome_sala\">Sala 4<\/td>\n          <td><\/td>\n          <td><\/td>\n          <td><\/td>\n          <td><\/td>\n          <td><\/td>\n          <td><\/td>\n          <td><\/td>\n          <td><\/td>\n          <td><\/td>\n          <td class=\"cor_eng\" colspan=\"2\">Engenharia da Sustentabilidade &#8211; E1 &#8211; Prof. Fl\u00e1vio<\/td>\n          <td class=\"cor_eng\" colspan=\"2\">Tecnologias de Fabrica\u00e7\u00e3o 1 &#8211; E1 &#8211; Prof. Fl\u00e1vio<\/td>\n          <td class=\"cor_eng\" colspan=\"2\">Int. a Energias Renov\u00e1veis &#8211; E1 &#8211; Prof. Fl\u00e1vio<\/td>\n        <\/tr>\n        <tr>\n          <td class=\"nome_sala\">Sala 5<\/td>\n          <td><\/td>\n          <td><\/td>\n          <td class=\"cor_comp\" colspan=\"2\">Fund. de Arq. de Comput. &#8211; C1 &#8211; Prof. Marcos<\/td>\n          <td><\/td>\n          <td><\/td>\n          <td><\/td>\n          <td class=\"cor_eng\" colspan=\"2\">Fen\u00f4menos de Transporte 1 &#8211; E1 &#8211; Prof. Luiz Chaves<\/td>\n          <td class=\"cor_eng\" colspan=\"4\">Int. \u00e0 Engenharia dos Materiais &#8211; E1 &#8211; Prof. Luiz Chaves<\/td>\n          <td><\/td>\n          <td><\/td>\n        <\/tr>\n        <tr>\n          <td class=\"nome_sala\">Sala 6<\/td>\n          <td><\/td>\n          <td><\/td>\n          <td class=\"cor_comp\" colspan=\"2\">Ling. Form. e Teor. da Comp. &#8211; C1 &#8211; Prof. Dalessandro<\/td>\n          <td class=\"cor_comp\" colspan=\"2\">Estrutura de Dados &#8211; C1 &#8211; Prof. Dalessandro<\/td>\n          <td><\/td>\n          <td><\/td>\n          <td><\/td>\n          <td class=\"cor_comp\" colspan=\"2\">Circuitos Digitais &#8211; C1 &#8211; Prof. Roberto<\/td>\n          <td><\/td>\n          <td><\/td>\n          <td class=\"cor_eng\" colspan=\"2\">Planej. e Controle da Produ\u00e7\u00e3o 1 &#8211; E1 &#8211; Prof. Iara<\/td>\n        <\/tr>\n        <tr>\n          <td class=\"nome_sala\">Sala 7<\/td>\n          <td><\/td>\n          <td><\/td>\n          <td class=\"cor_comp\" colspan=\"2\">L\u00f3gica para Ci\u00eancia da Computa\u00e7\u00e3o &#8211; C1 &#8211; Prof. Marcilene<\/td>\n          <td><\/td>\n          <td><\/td>\n          <td><\/td>\n          <td class=\"cor_comp\" colspan=\"2\">Computa\u00e7\u00e3o Gr\u00e1fica &#8211; C1 &#8211; Prof. Leonardo<\/td>\n          <td><\/td>\n          <td><\/td>\n          <td class=\"cor_eng\" colspan=\"2\">Mec\u00e2nica Geral &#8211; E1 &#8211; Prof. Uilson<\/td>\n          <td class=\"cor_eng\" colspan=\"2\">Resist. dos Mat. e Estrutura &#8211; E1 &#8211; Prof. Uilson<\/td>\n        <\/tr>\n        <tr>\n          <td class=\"nome_sala\">Sala 8<\/td>\n          <td><\/td>\n          <td><\/td>\n          <td class=\"cor_comp\" colspan=\"2\">Fund. de Seg. da Informa\u00e7\u00e3o &#8211; C1 &#8211; Prof. Leandro<\/td>\n          <td class=\"cor_comp\" colspan=\"2\">Redes de Computadores 2 &#8211; C1 &#8211; Prof. Leandro<\/td>\n          <td><\/td>\n          <td><\/td>\n          <td><\/td>\n          <td class=\"cor_comp\" colspan=\"2\">Redes de Computadores 1 &#8211; C1 &#8211; Prof. Leandro<\/td>\n          <td><\/td> \n          <td><\/td>\n          <td><\/td>\n          <td><\/td>\n        <\/tr>\n        <tr>\n          <td class=\"nome_sala\">Sala 9<\/td>\n          <td><\/td>\n          <td><\/td>\n          <td><\/td>\n          <td><\/td>\n          <td><\/td>\n          <td><\/td>\n          <td><\/td>\n          <td><\/td>\n          <td><\/td>\n          <td><\/td>\n          <td><\/td>\n          <td class=\"cor_eng\" colspan=\"2\">Projeto Integrador 2 &#8211; E1 &#8211; Prof. Iara e Ana Carolina<\/td>\n          <td><\/td>\n          <td><\/td>\n        <\/tr>\n        <tr>\n          <td class=\"nome_sala\">Lab. Computa\u00e7\u00e3o<\/td>\n          <td><\/td>\n          <td><\/td>\n          <td class=\"cor_comp\" colspan=\"2\">Intelig\u00eancia Artificial &#8211; C1 &#8211; Prof. Leila<\/td>\n          <td class=\"cor_comp\" colspan=\"2\">Prog. de Computadores 1 &#8211; V1 &#8211; Prof. Sergio<\/td>\n          <td class=\"limpeza\">RESERVADO PARA LIMPEZA<\/td>\n          <td class=\"cor_comp\" colspan=\"2\">T\u00f3p. Esp. em Int. Artificial &#8211; C1 &#8211; Prof. Leila<\/td>\n          <td class=\"cor_comp\" colspan=\"2\">Proj. de Banco de Dados &#8211; C1 &#8211; Prof. Graziela<\/td>\n          <td><\/td>\n          <td class=\"cor_mesc\" colspan=\"3\">Intelig\u00eancia Artificial &#8211; MESC &#8211; Prof. Leonard<\/td>\n        <\/tr>\n        <tr>\n          <td class=\"nome_sala\">Lab. Engenharia<\/td>\n          <td><\/td>\n          <td><\/td>\n          <td class=\"cor_eng\" colspan=\"4\">Computa\u00e7\u00e3o para Engenharia 2 &#8211; E1 &#8211; Prof. Copetti<\/td>\n          <td class=\"limpeza\">RESERVADO PARA LIMPEZA<\/td>\n          <td><\/td>\n          <td><\/td>\n          <td class=\"cor_eng\" colspan=\"2\">Controle Estat. da Qualidade &#8211; E1 &#8211; Prof. Ana Paula<\/td>\n          <td class=\"cor_eng\" colspan=\"4\">Simula\u00e7\u00e3o e Otimiza\u00e7\u00e3o Avan\u00e7ada &#8211; E1 &#8211; Prof. Edwin<\/td>\n        <\/tr>\n        <tr>\n          <td class=\"nome_sala\">Audit\u00f3rio<\/td>\n          <td><\/td>\n          <td><\/td>\n          <td><\/td>\n          <td><\/td>\n          <td><\/td>\n          <td><\/td>\n          <td><\/td>\n          <td><\/td>\n          <td><\/td>\n          <td><\/td>\n          <td><\/td>\n          <td><\/td>\n          <td><\/td>\n          <td><\/td> \n          <td><\/td>\n        <\/tr>\n      <\/tbody> \n    <\/table>\n<\/div>\n<\/div>\n","protected":false},"excerpt":{"rendered":"<p>SEGUNDA 7h &#8211; 8h 8h &#8211; 9h 9h &#8211; 10h 10h &#8211; 11h 11h &#8211; 12h 12h &#8211; 13h 13h &#8211; 14h 14h &#8211; 15h 15h &#8211; 16h 16h &#8211; 17h 17h &#8211; 18h 18h &#8211; 19h 19h &#8211; 20h 20h &#8211; 21h 21h &#8211; 22h Sala 1 Geom. An. e C\u00e1lc. Vet. &#8211; V1 [&hellip;]<\/p>\n","protected":false},"author":1,"featured_media":0,"parent":0,"menu_order":0,"comment_status":"closed","ping_status":"closed","template":"","meta":{"footnotes":""},"class_list":["post-17","page","type-page","status-publish","hentry"],"_links":{"self":[{"href":"http:\/\/200.159.243.250:8010\/index.php\/wp-json\/wp\/v2\/pages\/17","targetHints":{"allow":["GET"]}}],"collection":[{"href":"http:\/\/200.159.243.250:8010\/index.php\/wp-json\/wp\/v2\/pages"}],"about":[{"href":"http:\/\/200.159.243.250:8010\/index.php\/wp-json\/wp\/v2\/types\/page"}],"author":[{"embeddable":true,"href":"http:\/\/200.159.243.250:8010\/index.php\/wp-json\/wp\/v2\/users\/1"}],"replies":[{"embeddable":true,"href":"http:\/\/200.159.243.250:8010\/index.php\/wp-json\/wp\/v2\/comments?post=17"}],"version-history":[{"count":226,"href":"http:\/\/200.159.243.250:8010\/index.php\/wp-json\/wp\/v2\/pages\/17\/revisions"}],"predecessor-version":[{"id":1813,"href":"http:\/\/200.159.243.250:8010\/index.php\/wp-json\/wp\/v2\/pages\/17\/revisions\/1813"}],"wp:attachment":[{"href":"http:\/\/200.159.243.250:8010\/index.php\/wp-json\/wp\/v2\/media?parent=17"}],"curies":[{"name":"wp","href":"https:\/\/api.w.org\/{rel}","templated":true}]}}