{"id":31,"date":"2023-05-08T14:06:39","date_gmt":"2023-05-08T17:06:39","guid":{"rendered":"http:\/\/200.159.243.250:8010\/?page_id=31"},"modified":"2025-09-23T08:16:18","modified_gmt":"2025-09-23T11:16:18","slug":"quinta","status":"publish","type":"page","link":"http:\/\/200.159.243.250:8010\/index.php\/quinta\/","title":{"rendered":"Quinta"},"content":{"rendered":"\n<div class=\"wp-block-columns is-layout-flex wp-container-core-columns-is-layout-28f84493 wp-block-columns-is-layout-flex\">\n<div class=\"wp-block-column is-layout-flow wp-block-column-is-layout-flow\">\n<table class=\"tabela\">\n      <thead>\n        <tr>\n          <th class=\"dia_semana\">QUINTA<\/th>\n          <th>7h &#8211; 8h<\/th>\n          <th>8h &#8211; 9h<\/th>\n          <th>9h &#8211; 10h<\/th>\n          <th>10h &#8211; 11h<\/th>\n          <th>11h &#8211; 12h<\/th>\n          <th>12h &#8211; 13h<\/th>\n          <th>13h &#8211; 14h<\/th>\n          <th>14h &#8211; 15h<\/th>\n          <th>15h &#8211; 16h<\/th>\n          <th>16h &#8211; 17h<\/th>\n          <th>17h &#8211; 18h<\/th>\n          <th>18h &#8211; 19h<\/th>\n          <th>19h &#8211; 20h<\/th>\n          <th>20h &#8211; 21h<\/th>\n          <th>21h &#8211; 22h<\/th>\n        <\/tr>\n      <\/thead>\n      <tbody>\n        <tr>\n          <td class=\"nome_sala\">Sala 1<\/td>\n          <td><\/td>\n\t  <td><\/td>\n\t  <td><\/td>\n          <td><\/td>\n          <td><\/td>\n          <td><\/td>\n          <td><\/td>\n          <td class=\"cor_comp\" colspan=\"2\">Matem\u00e1tica Discreta &#8211; V1 &#8211; Prof. Ana Isabel<\/td>\n          <td class=\"cor_comp\" colspan=\"2\">Compiladores &#8211; C1 &#8211; Prof. Eduardo<\/td>\n          <td class=\"cor_eng\" colspan=\"4\">Ergonomia, Sa\u00fade e Segur. do Trab. &#8211; E1 &#8211; Prof. Paulo Sergio<\/td>\n        <\/tr>\n        <tr>\n          <td class=\"nome_sala\">Sala 2<\/td>\n          <td><\/td>\n          <td><\/td>\n          <td><\/td>\n          <td><\/td>\n          <td class=\"cor_outros\" colspan=\"2\">C\u00e1lculo Diferencial 1 &#8211; M1 &#8211; Prof. Ana Isabel<\/td>\n          <td><\/td>\n          <td class=\"cor_eng\" colspan=\"2\">Int. \u00e0 Engenharia &#8211; K1 &#8211; Prof. Frederico<\/td>\n          <td class=\"cor_eng\" colspan=\"2\">Int. \u00e0 Adm. e ao Empreended. 1 &#8211; K1 &#8211; Prof. Gabriela<\/td>\n          <td class=\"cor_eng\" colspan=\"2\">Sistemas Produtivos &#8211; E1 &#8211; Prof. Gabriela<\/td>\n          <td><\/td>\n          <td><\/td>\n        <\/tr>\n        <tr>\n          <td class=\"nome_sala\">Sala 3<\/td>\n          <td><\/td>\n          <td><\/td>\n          <td><\/td>\n          <td><\/td>\n          <td><\/td>\n          <td><\/td>\n          <td><\/td>\n          <td class=\"cor_eng\" colspan=\"2\">Engenharia Econ\u00f4mica &#8211; E1 &#8211; Prof. Harvey<\/td>\n          <td class=\"cor_eng\" colspan=\"2\">Automa\u00e7\u00e3o da Produ\u00e7\u00e3o &#8211; E1 &#8211; Prof. Frederico<\/td>\n          <td><\/td>\n          <td><\/td>\n          <td><\/td>\n          <td><\/td>\n        <\/tr>\n        <tr>\n          <td class=\"nome_sala\">Sala 4<\/td>\n          <td><\/td>\n          <td><\/td>\n          <td class=\"cor_comp\" colspan=\"2\">Fund. de Arq. de Computad. &#8211; C1 &#8211; Prof. Marcos<\/td>\n          <td><\/td>\n          <td><\/td>\n          <td><\/td>\n          <td class=\"cor_eng\" colspan=\"2\">Empreendedorismo &#8211; E1 &#8211; Prof. Gabriela<\/td>\n          <td class=\"cor_eng\" colspan=\"4\">Estrat\u00e9gia e Neg\u00f3cios &#8211; E1 &#8211; Prof. Rodolfo<\/td>\n          <td><\/td>\n          <td><\/td>\n        <\/tr>\n        <tr>\n          <td class=\"nome_sala\">Sala 5<\/td>\n          <td><\/td>\n          <td><\/td>\n          <td class=\"cor_eng\" colspan=\"2\">Probabilidade e Estat\u00edstica 1 &#8211; E1 &#8211; Prof. Harvey<\/td>\n          <td class=\"cor_eng\" colspan=\"2\">Engenharia do Trabalho &#8211; E1 &#8211; Prof. Frederico<\/td>\n          <td><\/td>\n          <td class=\"cor_eng\" colspan=\"2\">Int. \u00e0 Economia 1 &#8211; E1 &#8211; Prof. Guido<\/td>\n          <td class=\"cor_eng\" colspan=\"2\">Contabilidade e Custos &#8211; E1 &#8211; Prof. Guido<\/td>\n          <td class=\"cor_eng\" colspan=\"2\">Comportamento Organizacional &#8211; E1 &#8211; Prof. Ricardo<\/td>\n          <td><\/td>\n          <td><\/td>\n        <\/tr>\n        <tr>\n          <td class=\"nome_sala\">Sala 6<\/td>\n          <td><\/td>\n          <td><\/td>\n          <td class=\"cor_comp\" colspan=\"2\">Programa\u00e7\u00e3o de Computad. 2 &#8211; C1 &#8211; Prof. Leonardo<\/td>\n          <td><\/td>\n          <td><\/td>\n          <td><\/td>\n          <td class=\"cor_comp\" colspan=\"2\">Eng. de Software Orientada por Modelos &#8211; C1 &#8211; Prof. Adriana<\/td>\n          <td class=\"cor_comp\" colspan=\"2\">Engenharia de Software 1 &#8211; C1 &#8211; Prof. Adriana<\/td>\n          <td class=\"cor_comp\" colspan=\"2\">An\u00e1lise e Proj. de Algoritmos &#8211; C1 &#8211; Prof. Maise<\/td>\n          <td><\/td>\n          <td><\/td>\n        <\/tr>\n        <tr>\n          <td class=\"nome_sala\">Sala 7<\/td>\n          <td><\/td>\n          <td><\/td>\n          <td class=\"cor_comp\" colspan=\"2\">Eng. de Software 2 &#8211; C1 &#8211; Prof. Jo\u00e3o Vitor<\/td>\n          <td><\/td>\n          <td><\/td>\n          <td><\/td>\n          <td class=\"cor_comp\" colspan=\"2\">T\u00f3p. em Teoria da Inf. e C\u00f3digos &#8211; C1 &#8211; Danilo<\/td>\n          <td class=\"cor_comp\" colspan=\"2\">Algoritmos em Grafos &#8211; C1 &#8211; Prof. Maise<\/td>\n          <td class=\"cor_eng\" colspan=\"2\">Gest\u00e3o da Inova\u00e7\u00e3o e da Tecnologia &#8211; E1 &#8211; Prof. Ramon<\/td>\n          <td><\/td>\n          <td><\/td>\n        <\/tr>\n        <tr>\n          <td class=\"nome_sala\">Sala 8<\/td>\n          <td><\/td>\n          <td><\/td>\n          <td class=\"cor_eng\" colspan=\"2\">\u00c9tica &#8211; E1 &#8211; Prof. Helena<\/td>\n          <td><\/td>\n          <td><\/td>\n          <td><\/td>\n          <td class=\"cor_comp\" colspan=\"2\">Programa\u00e7\u00e3o com Arquivos &#8211; C1 &#8211; Prof. Isabel<\/td>\n          <td class=\"cor_eng\" colspan=\"2\">Engenharia do Produto 1 &#8211; E1 &#8211; Prof. Ramon<\/td>\n          <td><\/td>\n          <td class=\"cor_mesc\" colspan=\"3\">Computa\u00e7\u00e3o M\u00f3vel &#8211; MESC &#8211; Prof. Roberto<\/td>\n          <\/tr>\n        <tr>\n          <td class=\"nome_sala\">Sala 9<\/td>\n          <td><\/td>\n          <td><\/td>\n          <td><\/td>\n          <td><\/td>\n          <td><\/td>\n          <td><\/td>\n          <td><\/td>\n          <td><\/td>\n          <td><\/td>\n          <td><\/td>\n          <td><\/td>\n          <td><\/td>\n          <td class=\"cor_mesc\" colspan=\"3\">Grafos &#8211; MESC &#8211; Prof. Danilo<\/td>\n        <\/tr>\n        <tr>\n          <td class=\"nome_sala\">Lab. Computa\u00e7\u00e3o<\/td>\n          <td><\/td>\n          <td><\/td>\n          <td class=\"cor_eng\" colspan=\"2\">Computa\u00e7\u00e3o para Engenharia 1 &#8211; K1 &#8211; Prof. Danilo<\/td>\n          <td class=\"cor_comp\" colspan=\"2\">Treinamento para Maratona de Programa\u00e7\u00e3o &#8211; Prof. Danilo<\/td>\n          <td class=\"limpeza\">RESERVADO PARA LIMPEZA<\/td>\n          <td class=\"cor_comp\" colspan=\"2\">Proj. e Arquit. de Software &#8211; C1 &#8211; Prof. Eduardo<\/td>\n          <td class=\"cor_outros\" colspan=\"2\">Prog. de Computadores 1 &#8211; R1 &#8211; Prof. Jo\u00e3o Vitor<\/td>\n          <td class=\"cor_outros\" colspan=\"2\">Prog. de Computadores 2 &#8211; R1 &#8211; Prof. Jo\u00e3o Vitor<\/td>\n          <td><\/td>\n          <td><\/td>\n        <\/tr>\n        <tr>\n          <td class=\"nome_sala\">Lab. Engenharia<\/td>\n          <td><\/td>\n          <td><\/td>\n          <td><\/td>\n          <td><\/td>\n          <td><\/td>\n          <td><\/td>\n          <td class=\"limpeza\">RESERVADO PARA LIMPEZA<\/td>\n          <td class=\"cor_eng\" colspan=\"2\">Pesquisa Operacional 1-A &#8211; E1 &#8211; Prof. Edwin<\/td>\n          <td class=\"cor_eng\" colspan=\"2\">Gest\u00e3o de Projetos 1 &#8211; E1 &#8211; Prof. Ricardo<\/td>\n          <td><\/td>\n          <td><\/td>\n          <td><\/td>\n          <td><\/td>\n        <\/tr>\n        <tr>\n          <td class=\"nome_sala\">Audit\u00f3rio<\/td>\n          <td><\/td>\n          <td><\/td>\n          <td><\/td>\n          <td><\/td>\n          <td><\/td>\n          <td><\/td>\n          <td class=\"cor_eng\" colspan=\"3\">Projeto Integrador 1 &#8211; E1 &#8211; Prof. Helena e Dalton<\/td>\n          <td><\/td>\n          <td><\/td>\n          <td><\/td>\n          <td><\/td>\n          <td><\/td>\n          <td><\/td>\n        <\/tr>\n      <\/tbody>\n    <\/table>\n<\/div>\n<\/div>\n","protected":false},"excerpt":{"rendered":"<p>QUINTA 7h &#8211; 8h 8h &#8211; 9h 9h &#8211; 10h 10h &#8211; 11h 11h &#8211; 12h 12h &#8211; 13h 13h &#8211; 14h 14h &#8211; 15h 15h &#8211; 16h 16h &#8211; 17h 17h &#8211; 18h 18h &#8211; 19h 19h &#8211; 20h 20h &#8211; 21h 21h &#8211; 22h Sala 1 Matem\u00e1tica Discreta &#8211; V1 &#8211; Prof. Ana [&hellip;]<\/p>\n","protected":false},"author":1,"featured_media":0,"parent":0,"menu_order":0,"comment_status":"closed","ping_status":"closed","template":"","meta":{"footnotes":""},"class_list":["post-31","page","type-page","status-publish","hentry"],"_links":{"self":[{"href":"http:\/\/200.159.243.250:8010\/index.php\/wp-json\/wp\/v2\/pages\/31","targetHints":{"allow":["GET"]}}],"collection":[{"href":"http:\/\/200.159.243.250:8010\/index.php\/wp-json\/wp\/v2\/pages"}],"about":[{"href":"http:\/\/200.159.243.250:8010\/index.php\/wp-json\/wp\/v2\/types\/page"}],"author":[{"embeddable":true,"href":"http:\/\/200.159.243.250:8010\/index.php\/wp-json\/wp\/v2\/users\/1"}],"replies":[{"embeddable":true,"href":"http:\/\/200.159.243.250:8010\/index.php\/wp-json\/wp\/v2\/comments?post=31"}],"version-history":[{"count":239,"href":"http:\/\/200.159.243.250:8010\/index.php\/wp-json\/wp\/v2\/pages\/31\/revisions"}],"predecessor-version":[{"id":1810,"href":"http:\/\/200.159.243.250:8010\/index.php\/wp-json\/wp\/v2\/pages\/31\/revisions\/1810"}],"wp:attachment":[{"href":"http:\/\/200.159.243.250:8010\/index.php\/wp-json\/wp\/v2\/media?parent=31"}],"curies":[{"name":"wp","href":"https:\/\/api.w.org\/{rel}","templated":true}]}}